{"id":984,"date":"2020-06-23T09:37:26","date_gmt":"2020-06-23T07:37:26","guid":{"rendered":"https:\/\/info.aon.de\/dps-insurance\/"},"modified":"2023-01-15T22:08:21","modified_gmt":"2023-01-15T21:08:21","slug":"dsp-insurance","status":"publish","type":"page","link":"https:\/\/info.aon.de\/en\/dsp-insurance\/","title":{"rendered":"DSP insurance deals from Aon"},"content":{"rendered":"\n<h6>DSP-Versicherungsangebote von Aon<\/h6>\n<h1>Erstklassiger Schutz.<\/h1>\n<h3>Herzlich willkommen bei Ihrem Versicherungsangebot f\u00fcr Delivery Service Partner!<\/h3>\n<p>Aon hat ein Versicherungsangebot f\u00fcr Delivery Service Partner (DSP) entwickelt. Es erf\u00fcllt genau die Anspr\u00fcche, die f\u00fcr Sie als Dienstleistungspartner jetzt wichtig sind. Sie w\u00e4hlen einfach aus, welche Versicherungen Sie nutzen m\u00f6chten, und wir k\u00fcmmern uns um den Rest. So k\u00f6nnen Sie Ihren Fokus beruhigt auf das Ausliefern der Pakete richten.<\/p>\n\t\t\t<a href=\"https:\/\/dsp-insure.de\/\" target=\"_self\" role=\"button\" rel=\"noopener\">\n\t\t\t\t\t\tZum Angebot\n\t\t\t\t\t<\/a>\n\t<h6>Sie sind noch kein Delivery Service Partner (DSP)?<\/h6>\n\t\t\t<a href=\"https:\/\/logistics.amazon.de\/\" target=\"_blank\" role=\"button\" rel=\"noopener\">\n\t\t\t\t\t\tErkundigen Sie sich \u00fcber das DSP-Programm\n\t\t\t\t\t<\/a>\n\t<h6>Ihre Vorteile<\/h6>\n<h2>Warum das DSP-Versicherungsprogramm?<\/h2>\n\t<h3>Alles aus einer Hand<\/h3>\n<p>Das DSP-Versicherungsprogramm gibt Ihnen u\u0308ber einen einzigen Makler Zugang zu allen erforderlichen und optionalen Versicherungspolicen &#8211; einen Frachtgut-Haftpflichtschutz eingeschlossen.<\/p>\n\t<h6>Produkte<\/h6>\n<h2>Welche Versicherungen sind erforderlich?<\/h2>\n\t\t\t\t<a href=\"https:\/\/info.aon.de\/dsp-versicherung\/kfz-versicherung\/\" target=\"_self\" itemprop=\"url\" rel=\"noopener\">\n\t\t\t\t<img loading=\"lazy\" decoding=\"async\" src=\"https:\/\/info.aon.de\/wp-content\/uploads\/\/warentransportversicherung-600x257.jpg\" alt=\"warentransportversicherung\" itemprop=\"image\" height=\"257\" width=\"600\" title=\"warentransportversicherung\" onerror=\"this.style.display='none'\">\n\t\t\t\t<\/a>\n\t<h3><a href=\"https:\/\/info.aon.de\/dsp-versicherung\/kfz-versicherung\/\">Kfz-<br>\nVersicherung<\/a><\/h3>\n<h5>Empfohlene Versicherungsleistung<\/h5>\n\t\t\t<a href=\"https:\/\/info.aon.de\/dsp-versicherung\/kfz-versicherung\/\" target=\"_self\" role=\"button\" rel=\"noopener\">\n\t\t\t\t\t\tWeitere Infos\n\t\t\t\t\t<\/a>\n\t\t\t\t<a href=\"https:\/\/info.aon.de\/dsp-versicherung\/betriebshaftpflicht\/\" target=\"_self\" itemprop=\"url\" rel=\"noopener\">\n\t\t\t\t<img loading=\"lazy\" decoding=\"async\" src=\"https:\/\/info.aon.de\/wp-content\/uploads\/\/haftpflichtversicherung-600x257.jpg\" alt=\"haftpflichtversicherung\" itemprop=\"image\" height=\"257\" width=\"600\" title=\"haftpflichtversicherung\" onerror=\"this.style.display='none'\">\n\t\t\t\t<\/a>\n\t<h3><a href=\"https:\/\/info.aon.de\/dsp-versicherung\/betriebshaftpflicht\/\">Betriebshaftpflicht-Versicherung<\/a><\/h3>\n<h5>Empfohlene Versicherungsleistung<\/h5>\n\t\t\t<a href=\"https:\/\/info.aon.de\/dsp-versicherung\/betriebshaftpflicht\/\" target=\"_self\" role=\"button\" rel=\"noopener\">\n\t\t\t\t\t\tWeitere Infos\n\t\t\t\t\t<\/a>\n\t\t\t\t<a href=\"https:\/\/info.aon.de\/dsp-versicherung\/verkehrshaftung-transportversicherung\/\" target=\"_self\" itemprop=\"url\" rel=\"noopener\">\n\t\t\t\t<img loading=\"lazy\" decoding=\"async\" src=\"https:\/\/info.aon.de\/wp-content\/uploads\/\/construction-600x257.jpg\" alt=\"construction\" itemprop=\"image\" height=\"257\" width=\"600\" title=\"construction\" onerror=\"this.style.display='none'\">\n\t\t\t\t<\/a>\n\t<h3><a href=\"https:\/\/info.aon.de\/dsp-versicherung\/verkehrshaftung-transportversicherung\/\">Verkehrs\u00adhaftungs\u00adversicherung \/ Transport\u00adversicherung<\/a><\/h3>\n<h5>Empfohlene Versicherungsleistung<\/h5>\n\t\t\t<a href=\"https:\/\/info.aon.de\/dsp-versicherung\/verkehrshaftung-transportversicherung\/\" target=\"_self\" role=\"button\" rel=\"noopener\">\n\t\t\t\t\t\tWeitere Infos\n\t\t\t\t\t<\/a>\n\t\t\t\t<a href=\"https:\/\/info.aon.de\/dsp-versicherung\/rechtsschutz\/\" target=\"_self\" itemprop=\"url\" rel=\"noopener\">\n\t\t\t\t<img loading=\"lazy\" decoding=\"async\" src=\"https:\/\/info.aon.de\/wp-content\/uploads\/\/kreditversicherung-600x257.jpg\" alt=\"kreditversicherung\" itemprop=\"image\" height=\"257\" width=\"600\" title=\"kreditversicherung\" onerror=\"this.style.display='none'\">\n\t\t\t\t<\/a>\n\t<h3><a href=\"https:\/\/info.aon.de\/dsp-versicherung\/rechtsschutz\/\">Rechtsschutz-Versicherung<\/a><\/h3>\n<h5>Optionale Zusatzleistung<\/h5>\n\t\t\t<a href=\"https:\/\/info.aon.de\/dsp-versicherung\/rechtsschutz\/\" target=\"_self\" role=\"button\" rel=\"noopener\">\n\t\t\t\t\t\tWeitere Infos\n\t\t\t\t\t<\/a>\n\t\t\t\t<a href=\"https:\/\/info.aon.de\/dsp-versicherung\/gruppen-unfallversicherung\/\" target=\"_self\" itemprop=\"url\" rel=\"noopener\">\n\t\t\t\t<img loading=\"lazy\" decoding=\"async\" src=\"https:\/\/info.aon.de\/wp-content\/uploads\/\/technische-versicherungen-600x257.jpg\" alt=\"technische-versicherungen\" itemprop=\"image\" height=\"257\" width=\"600\" title=\"technische-versicherungen\" onerror=\"this.style.display='none'\">\n\t\t\t\t<\/a>\n\t<h3><a href=\"https:\/\/info.aon.de\/dsp-versicherung\/gruppen-unfallversicherung\/\">Gruppen-Unfall\u00adversicherung<\/a><\/h3>\n<h5>Optionale Zusatzleistung<\/h5>\n\t\t\t<a href=\"https:\/\/info.aon.de\/dsp-versicherung\/gruppen-unfallversicherung\/\" target=\"_self\" role=\"button\" rel=\"noopener\">\n\t\t\t\t\t\tWeitere Infos\n\t\t\t\t\t<\/a>\n\t<h6>Mehr gef\u00e4llig?<\/h6>\n<h2>Welche zus\u00e4tzlichen Versicherungsprodukte gibt es?<\/h2>\n\t<p>Als einer der gr\u00f6\u00dften Versicherungsmakler der Welt kann Aon auf ein riesiges Netzwerk von Versicherungstr\u00e4gern zuru\u0308ckgreifen. Wenn Sie die fu\u0308r DSP erforderlichen Policen durch zus\u00e4tzlichen Schutz fu\u0308r Ihr Unternehmen erg\u00e4nzen m\u00f6chten und sich den Komfort einer einzigen Anlaufstelle wu\u0308nschen, nehmen Sie Kontakt mit uns auf.<\/p>\n\t<h6>Fragen &amp; Antworten<\/h6>\n<h2>Sie haben Fragen? Hier finden Sie Antworten.<\/h2>\n\t\t\t<a href=\"#\" id=\"fl-accordion--label-0\" tabindex=\"0\" aria-controls=\"fl-accordion--panel-0\">Kann die Versicherungssteuer als Vorsteuer abgesetzt werden?<\/a>\n\t\t<p>Das ist nicht m\u00f6glich, denn grunds\u00e4tzlich handelt es sich bei der Versicherungssteuer nicht um eine allgemeine Steuer, die f\u00fcr wirtschaftliche Vorg\u00e4nge erhoben wird. Die Versicherungssteuer muss deshalb zusammen mit dem Versicherungsbeitrag beglichen werden.<\/p>\n\t\t\t<a href=\"#\" id=\"fl-accordion--label-1\" tabindex=\"0\" aria-controls=\"fl-accordion--panel-1\">Was bedeutet Sonderziehungsrechte (SZR) in der Frachtf\u00fchrerversicherung?<\/a>\n\t\t<p>Bei den Sonderziehungsrechten handelt es sich um eine Recheneinheit des Internationalen W\u00e4hrungsfonds, das als Zahlungsmittel verwendet werden kann. Der SZR wird aus den vier Weltw\u00e4hrungen US-Doller, Euro, Yen und britisches Pfund t\u00e4glich ermittelt. Derzeit entspricht 1 SZR ca. 1,25 EUR.<\/p>\n\t\t\t<a href=\"#\" id=\"fl-accordion--label-2\" tabindex=\"0\" aria-controls=\"fl-accordion--panel-2\">Welche Pakethaftung besteht?<\/a>\n\t\tGem\u00e4\u00df HGB \u00a7431 H\u00f6chsthaftung ist die Haftung auf 8,33 SZR f\u00fcr jedes Kilogramm des Rohgewichts der Sendung beschr\u00e4nkt. Optional kann die Haftung auf 40 SZR erh\u00f6ht werden.<br>\nBeispielrechnung 1 SZR entspricht ca. 1,25 EUR. 8,33 SZR x 1,25 EUR = 10,41 EUR je Kilogramm. F\u00fcr ein Paket mit 10 KG besteht demnach eine Haftung von 104,10 EUR (10 KG x 10,41 EUR).\n\t\t\t<a href=\"#\" id=\"fl-accordion--label-3\" tabindex=\"0\" aria-controls=\"fl-accordion--panel-3\">Ist es m\u00f6glich eine geringere Selbstbeteiligung als 1.000 EUR in der KFZ Voll- und Teilkaskoversicherung zu w\u00e4hlen?<\/a>\n\t\t<p>Neben der Selbstbehaltsvariante 1.000,00 EUR bieten wir die Selbstbeteiligung 500,00 EUR f\u00fcr Voll- und Teilkaskosch\u00e4den an. Wir empfehlen jedoch nicht die geringere Selbstbeteiligung zu w\u00e4hlen.<\/p>\n\t\t\t<a href=\"#\" id=\"fl-accordion--label-4\" tabindex=\"0\" aria-controls=\"fl-accordion--panel-4\">Welche Zahlweise gilt vereinbart?<\/a>\n\t\t<p>Wir bieten eine viertel-, halb,- oder j\u00e4hrliche Zahlweise an. Eine monatliche Zahlweise kann nur in Kombination mit einem Sepa Mandat umgesetzt werden.<\/p>\n\t\t\t<a href=\"#\" id=\"fl-accordion--label-5\" tabindex=\"0\" aria-controls=\"fl-accordion--panel-5\">M\u00fcssen alle Versicherung abgeschlossen werden?<\/a>\n\t\t<p>Es besteht keine Pflicht alle Versicherungen abzuschlie\u00dfen. Sollten zum Beispiel einzelne Versicherung bereits vorhanden sein, k\u00f6nnen diese fortgef\u00fchrt werden.<\/p>\n\t\t\t<a href=\"#\" id=\"fl-accordion--label-6\" tabindex=\"0\" aria-controls=\"fl-accordion--panel-6\">M\u00fcssen die Versicherungen \u00fcber Aon abgeschlossen werden?<\/a>\n\t\t<p>Nein, es besteht keine Pflicht die Versicherung \u00fcber Aon abzuschlie\u00dfen. Wir sind jedoch in der Lage Sie, aufgrund unserer Expertise, unseres Pr\u00e4mienvolumens und unserer Beziehungen zu Versicherern, kompetent und versicherungstechnisch sinnvoll zu beraten.<\/p>\n\t\t\t<a href=\"#\" id=\"fl-accordion--label-7\" tabindex=\"0\" aria-controls=\"fl-accordion--panel-7\">Gibt es Beitragsanpassung?<\/a>\n\t\t<p>Es kann abh\u00e4ngig vom Schadenverlauf zu positiven und negativen Beitragsanpassungen kommen.<\/p>\n\t\t\t<a href=\"#\" id=\"fl-accordion--label-8\" tabindex=\"0\" aria-controls=\"fl-accordion--panel-8\">Welche Angabe muss bei einer KFZ-Versicherung ber\u00fccksichtigt werden?<\/a>\n\t\t<p>In Ihre Branche bef\u00f6rdern Sie G\u00fcter f\u00fcr Dritte. Aus diesem Grund muss beim Abschluss einer KFZ-Versicherung darauf geachtet werden, dass Ihr Fahrzeug im Tarif &#8220;G\u00fcterkraftverkehr&#8221; versichert ist.<\/p>\n\t\t\t<a href=\"#\" id=\"fl-accordion--label-9\" tabindex=\"0\" aria-controls=\"fl-accordion--panel-9\">Wie lange ist die Laufzeit der Vertr\u00e4ge?<\/a>\n\t\t<p>Die Vertragslaufzeit betr\u00e4gt ein Jahr. Diese verl\u00e4ngert sich automatisch um ein weiteres Jahr, wenn sie nicht innerhalb der vorgeben K\u00fcndigungsfrist zum Ablauf der Hauptf\u00e4lligkeit (01.01.) fristgerecht gek\u00fcndigt wird. Falls Sie Ihr Fahrzeug abmelden, erlischt die Kfz-Versicherung automatisch.Bereits gezahlte Beitr\u00e4ge werden Ihnen anteilig erstattet.<\/p>\n\t\t\t<a href=\"#\" id=\"fl-accordion--label-10\" tabindex=\"0\" aria-controls=\"fl-accordion--panel-10\">Welche K\u00fcndigungsfristen gelten vereinbart?<\/a>\n\t\t<p>In der KFZ-Versicherung ist eine K\u00fcndigungsfrist von einem Monat vereinbart. Bei den anderen Versicherungen gilt eine K\u00fcndigungsfrist von drei Monaten.<\/p>\n\t\t\t<a href=\"#\" id=\"fl-accordion--label-11\" tabindex=\"0\" aria-controls=\"fl-accordion--panel-11\">Wie soll ich mich im Schadenfall verhalten?<\/a>\n\t\t\n\t\t\t<a href=\"#\" id=\"fl-accordion--label-12\" tabindex=\"0\" aria-controls=\"fl-accordion--panel-12\">Wie verhalte ich mich richtig, wenn ein E-Auto brennt?<\/a>\n\t\t<p>Alle Infos hierzu finden Sie <a href=\"https:\/\/info.aon.de\/wp-content\/uploads\/210611_Aon_DSP_E-Autos_Onepager.pdf\" target=\"_blank\" rel=\"noopener\">in diesem PDF<\/a>.<\/p>\n\t\t\t<a href=\"#\" id=\"fl-accordion--label-13\" tabindex=\"0\" aria-controls=\"fl-accordion--panel-13\">Gibt es ein PDF mit allen wichtigen Infos zum Ausdrucken?<\/a>\n\t\t<p>Ja, Sie k\u00f6nnen es <a href=\"https:\/\/info.aon.de\/wp-content\/uploads\/Aon-DSP-Insurance-Programme-2021-09-DE.pdf\" target=\"_blank\" rel=\"noopener\">hier runterladen<\/a>.<\/p>\n\t<h6>Jetzt unverbindlichen Antrag stellen<\/h6>\n<h2>Kostenfreien Kostenvoranschlag erhalten<\/h2>\n\t\t\t<a href=\"https:\/\/dsp-insure.de\/\" target=\"_self\" role=\"button\" rel=\"noopener\">\n\t\t\t\t\t\tZum Antrag\n\t\t\t\t\t<\/a>\n","protected":false},"excerpt":{"rendered":"<p>DSP-Versicherungsangebote von Aon Erstklassiger Schutz. Herzlich willkommen bei Ihrem Versicherungsangebot f\u00fcr Delivery Service Partner! Aon hat ein Versicherungsangebot f\u00fcr Delivery Service Partner (DSP) entwickelt. Es erf\u00fcllt genau die Anspr\u00fcche, die f\u00fcr Sie als Dienstleistungspartner jetzt wichtig sind. Sie w\u00e4hlen einfach aus, welche Versicherungen Sie nutzen m\u00f6chten, und wir k\u00fcmmern uns um den Rest. So k\u00f6nnen [&hellip;]<\/p>\n","protected":false},"author":33,"featured_media":0,"parent":0,"menu_order":0,"comment_status":"closed","ping_status":"closed","template":"template-landingpage.php","meta":{"footnotes":""},"class_list":["post-984","page","type-page","status-publish","hentry"],"blocksy_meta":{"styles_descriptor":{"styles":{"desktop":"","tablet":"","mobile":""},"google_fonts":[],"version":6}},"yoast_head":"<!-- This site is optimized with the Yoast SEO plugin v26.9 - https:\/\/yoast.com\/product\/yoast-seo-wordpress\/ -->\n<title>DSP insurance deals from Aon - Aon bloggt<\/title>\n<meta name=\"description\" content=\"DSP-Versicherungsangebote von Aon Erstklassiger Schutz. Herzlich willkommen bei Ihrem Versicherungsangebot f\u00fcr Delivery Service Partner! Aon hat ein\" \/>\n<meta name=\"robots\" content=\"index, follow, max-snippet:-1, max-image-preview:large, max-video-preview:-1\" \/>\n<link rel=\"canonical\" href=\"https:\/\/info.aon.de\/en\/dsp-insurance\/\" \/>\n<meta property=\"og:locale\" content=\"en_US\" \/>\n<meta property=\"og:type\" content=\"article\" \/>\n<meta property=\"og:title\" content=\"DSP insurance deals from Aon - Aon bloggt\" \/>\n<meta property=\"og:description\" content=\"DSP-Versicherungsangebote von Aon Erstklassiger Schutz. Herzlich willkommen bei Ihrem Versicherungsangebot f\u00fcr Delivery Service Partner! Aon hat ein\" \/>\n<meta property=\"og:url\" content=\"https:\/\/info.aon.de\/en\/dsp-insurance\/\" \/>\n<meta property=\"og:site_name\" content=\"Aon bloggt\" \/>\n<meta property=\"article:modified_time\" content=\"2023-01-15T21:08:21+00:00\" \/>\n<meta property=\"og:image\" content=\"https:\/\/info.aon.de\/wp-content\/uploads\/\/warentransportversicherung-600x257.jpg\" \/>\n<meta name=\"twitter:card\" content=\"summary_large_image\" \/>\n<meta name=\"twitter:site\" content=\"@Aon_Deutschland\" \/>\n<meta name=\"twitter:label1\" content=\"Est. reading time\" \/>\n\t<meta name=\"twitter:data1\" content=\"4 minutes\" \/>\n<script type=\"application\/ld+json\" class=\"yoast-schema-graph\">{\"@context\":\"https:\/\/schema.org\",\"@graph\":[{\"@type\":\"WebPage\",\"@id\":\"https:\/\/info.aon.de\/en\/dsp-insurance\/\",\"url\":\"https:\/\/info.aon.de\/en\/dsp-insurance\/\",\"name\":\"DSP insurance deals from Aon - Aon bloggt\",\"isPartOf\":{\"@id\":\"https:\/\/info.aon.de\/en\/#website\"},\"primaryImageOfPage\":{\"@id\":\"https:\/\/info.aon.de\/en\/dsp-insurance\/#primaryimage\"},\"image\":{\"@id\":\"https:\/\/info.aon.de\/en\/dsp-insurance\/#primaryimage\"},\"thumbnailUrl\":\"https:\/\/info.aon.de\/wp-content\/uploads\/\/warentransportversicherung-600x257.jpg\",\"datePublished\":\"2020-06-23T07:37:26+00:00\",\"dateModified\":\"2023-01-15T21:08:21+00:00\",\"description\":\"DSP-Versicherungsangebote von Aon Erstklassiger Schutz. Herzlich willkommen bei Ihrem Versicherungsangebot f\u00fcr Delivery Service Partner! Aon hat ein\",\"breadcrumb\":{\"@id\":\"https:\/\/info.aon.de\/en\/dsp-insurance\/#breadcrumb\"},\"inLanguage\":\"en-US\",\"potentialAction\":[{\"@type\":\"ReadAction\",\"target\":[\"https:\/\/info.aon.de\/en\/dsp-insurance\/\"]}]},{\"@type\":\"ImageObject\",\"inLanguage\":\"en-US\",\"@id\":\"https:\/\/info.aon.de\/en\/dsp-insurance\/#primaryimage\",\"url\":\"https:\/\/info.aon.de\/wp-content\/uploads\/\/warentransportversicherung-600x257.jpg\",\"contentUrl\":\"https:\/\/info.aon.de\/wp-content\/uploads\/\/warentransportversicherung-600x257.jpg\"},{\"@type\":\"BreadcrumbList\",\"@id\":\"https:\/\/info.aon.de\/en\/dsp-insurance\/#breadcrumb\",\"itemListElement\":[{\"@type\":\"ListItem\",\"position\":1,\"name\":\"Home\",\"item\":\"https:\/\/info.aon.de\/en\/\"},{\"@type\":\"ListItem\",\"position\":2,\"name\":\"DSP insurance deals from Aon\"}]},{\"@type\":\"WebSite\",\"@id\":\"https:\/\/info.aon.de\/en\/#website\",\"url\":\"https:\/\/info.aon.de\/en\/\",\"name\":\"Aon bloggt\",\"description\":\"Die wichtigsten Trends aus dem Versicherungsmarkt und HR\",\"publisher\":{\"@id\":\"https:\/\/info.aon.de\/en\/#organization\"},\"potentialAction\":[{\"@type\":\"SearchAction\",\"target\":{\"@type\":\"EntryPoint\",\"urlTemplate\":\"https:\/\/info.aon.de\/en\/?s={search_term_string}\"},\"query-input\":{\"@type\":\"PropertyValueSpecification\",\"valueRequired\":true,\"valueName\":\"search_term_string\"}}],\"inLanguage\":\"en-US\"},{\"@type\":\"Organization\",\"@id\":\"https:\/\/info.aon.de\/en\/#organization\",\"name\":\"Aon bloggt\",\"url\":\"https:\/\/info.aon.de\/en\/\",\"logo\":{\"@type\":\"ImageObject\",\"inLanguage\":\"en-US\",\"@id\":\"https:\/\/info.aon.de\/en\/#\/schema\/logo\/image\/\",\"url\":\"https:\/\/info.aon.de\/wp-content\/uploads\/aon-bloggt-logo.png\",\"contentUrl\":\"https:\/\/info.aon.de\/wp-content\/uploads\/aon-bloggt-logo.png\",\"width\":498,\"height\":68,\"caption\":\"Aon bloggt\"},\"image\":{\"@id\":\"https:\/\/info.aon.de\/en\/#\/schema\/logo\/image\/\"},\"sameAs\":[\"https:\/\/x.com\/Aon_Deutschland\"]}]}<\/script>\n<!-- \/ Yoast SEO plugin. -->","yoast_head_json":{"title":"DSP insurance deals from Aon - Aon bloggt","description":"DSP-Versicherungsangebote von Aon Erstklassiger Schutz. Herzlich willkommen bei Ihrem Versicherungsangebot f\u00fcr Delivery Service Partner! Aon hat ein","robots":{"index":"index","follow":"follow","max-snippet":"max-snippet:-1","max-image-preview":"max-image-preview:large","max-video-preview":"max-video-preview:-1"},"canonical":"https:\/\/info.aon.de\/en\/dsp-insurance\/","og_locale":"en_US","og_type":"article","og_title":"DSP insurance deals from Aon - Aon bloggt","og_description":"DSP-Versicherungsangebote von Aon Erstklassiger Schutz. Herzlich willkommen bei Ihrem Versicherungsangebot f\u00fcr Delivery Service Partner! Aon hat ein","og_url":"https:\/\/info.aon.de\/en\/dsp-insurance\/","og_site_name":"Aon bloggt","article_modified_time":"2023-01-15T21:08:21+00:00","og_image":[{"url":"https:\/\/info.aon.de\/wp-content\/uploads\/\/warentransportversicherung-600x257.jpg","type":"","width":"","height":""}],"twitter_card":"summary_large_image","twitter_site":"@Aon_Deutschland","twitter_misc":{"Est. reading time":"4 minutes"},"schema":{"@context":"https:\/\/schema.org","@graph":[{"@type":"WebPage","@id":"https:\/\/info.aon.de\/en\/dsp-insurance\/","url":"https:\/\/info.aon.de\/en\/dsp-insurance\/","name":"DSP insurance deals from Aon - Aon bloggt","isPartOf":{"@id":"https:\/\/info.aon.de\/en\/#website"},"primaryImageOfPage":{"@id":"https:\/\/info.aon.de\/en\/dsp-insurance\/#primaryimage"},"image":{"@id":"https:\/\/info.aon.de\/en\/dsp-insurance\/#primaryimage"},"thumbnailUrl":"https:\/\/info.aon.de\/wp-content\/uploads\/\/warentransportversicherung-600x257.jpg","datePublished":"2020-06-23T07:37:26+00:00","dateModified":"2023-01-15T21:08:21+00:00","description":"DSP-Versicherungsangebote von Aon Erstklassiger Schutz. Herzlich willkommen bei Ihrem Versicherungsangebot f\u00fcr Delivery Service Partner! Aon hat ein","breadcrumb":{"@id":"https:\/\/info.aon.de\/en\/dsp-insurance\/#breadcrumb"},"inLanguage":"en-US","potentialAction":[{"@type":"ReadAction","target":["https:\/\/info.aon.de\/en\/dsp-insurance\/"]}]},{"@type":"ImageObject","inLanguage":"en-US","@id":"https:\/\/info.aon.de\/en\/dsp-insurance\/#primaryimage","url":"https:\/\/info.aon.de\/wp-content\/uploads\/\/warentransportversicherung-600x257.jpg","contentUrl":"https:\/\/info.aon.de\/wp-content\/uploads\/\/warentransportversicherung-600x257.jpg"},{"@type":"BreadcrumbList","@id":"https:\/\/info.aon.de\/en\/dsp-insurance\/#breadcrumb","itemListElement":[{"@type":"ListItem","position":1,"name":"Home","item":"https:\/\/info.aon.de\/en\/"},{"@type":"ListItem","position":2,"name":"DSP insurance deals from Aon"}]},{"@type":"WebSite","@id":"https:\/\/info.aon.de\/en\/#website","url":"https:\/\/info.aon.de\/en\/","name":"Aon bloggt","description":"Die wichtigsten Trends aus dem Versicherungsmarkt und HR","publisher":{"@id":"https:\/\/info.aon.de\/en\/#organization"},"potentialAction":[{"@type":"SearchAction","target":{"@type":"EntryPoint","urlTemplate":"https:\/\/info.aon.de\/en\/?s={search_term_string}"},"query-input":{"@type":"PropertyValueSpecification","valueRequired":true,"valueName":"search_term_string"}}],"inLanguage":"en-US"},{"@type":"Organization","@id":"https:\/\/info.aon.de\/en\/#organization","name":"Aon bloggt","url":"https:\/\/info.aon.de\/en\/","logo":{"@type":"ImageObject","inLanguage":"en-US","@id":"https:\/\/info.aon.de\/en\/#\/schema\/logo\/image\/","url":"https:\/\/info.aon.de\/wp-content\/uploads\/aon-bloggt-logo.png","contentUrl":"https:\/\/info.aon.de\/wp-content\/uploads\/aon-bloggt-logo.png","width":498,"height":68,"caption":"Aon bloggt"},"image":{"@id":"https:\/\/info.aon.de\/en\/#\/schema\/logo\/image\/"},"sameAs":["https:\/\/x.com\/Aon_Deutschland"]}]}},"_links":{"self":[{"href":"https:\/\/info.aon.de\/en\/wp-json\/wp\/v2\/pages\/984","targetHints":{"allow":["GET"]}}],"collection":[{"href":"https:\/\/info.aon.de\/en\/wp-json\/wp\/v2\/pages"}],"about":[{"href":"https:\/\/info.aon.de\/en\/wp-json\/wp\/v2\/types\/page"}],"author":[{"embeddable":true,"href":"https:\/\/info.aon.de\/en\/wp-json\/wp\/v2\/users\/33"}],"replies":[{"embeddable":true,"href":"https:\/\/info.aon.de\/en\/wp-json\/wp\/v2\/comments?post=984"}],"version-history":[{"count":4,"href":"https:\/\/info.aon.de\/en\/wp-json\/wp\/v2\/pages\/984\/revisions"}],"predecessor-version":[{"id":7083,"href":"https:\/\/info.aon.de\/en\/wp-json\/wp\/v2\/pages\/984\/revisions\/7083"}],"wp:attachment":[{"href":"https:\/\/info.aon.de\/en\/wp-json\/wp\/v2\/media?parent=984"}],"curies":[{"name":"wp","href":"https:\/\/api.w.org\/{rel}","templated":true}]}}